{"id":2695,"date":"2024-09-09T07:03:14","date_gmt":"2024-09-09T07:03:14","guid":{"rendered":"https:\/\/jeffsdetailing.com\/?page_id=2695"},"modified":"2024-09-15T03:28:39","modified_gmt":"2024-09-15T03:28:39","slug":"boat-service","status":"publish","type":"page","link":"https:\/\/jeffsdetailing.com\/es\/boat-service\/","title":{"rendered":"Servicios de barcos"},"content":{"rendered":"<div data-elementor-type=\"wp-page\" data-elementor-id=\"2695\" class=\"elementor elementor-2695\">\n\t\t\t\t<div class=\"elementor-element elementor-element-cb75db2 e-flex e-con-boxed e-con e-parent\" data-id=\"cb75db2\" data-element_type=\"container\" data-settings=\"{&quot;background_background&quot;:&quot;classic&quot;}\">\n\t\t\t\t\t<div class=\"e-con-inner\">\n\t\t\t\t<div class=\"elementor-element elementor-element-32b10b7 elementor-widget elementor-widget-image\" data-id=\"32b10b7\" data-element_type=\"widget\" data-widget_type=\"image.default\">\n\t\t\t\t<div class=\"elementor-widget-container\">\n\t\t\t<style>\/*! elementor - v3.23.0 - 05-08-2024 *\/\n.elementor-widget-image{text-align:center}.elementor-widget-image a{display:inline-block}.elementor-widget-image a img[src$=\".svg\"]{width:48px}.elementor-widget-image img{vertical-align:middle;display:inline-block}<\/style>\t\t\t\t\t\t\t\t\t\t<img fetchpriority=\"high\" decoding=\"async\" width=\"619\" height=\"403\" src=\"https:\/\/jeffsdetailing.com\/wp-content\/uploads\/2024\/09\/Captura_de_pantalla_2024-09-14_201923-removebg-preview.png\" class=\"attachment-large size-large wp-image-2823\" alt=\"\" srcset=\"https:\/\/jeffsdetailing.com\/wp-content\/uploads\/2024\/09\/Captura_de_pantalla_2024-09-14_201923-removebg-preview.png 619w, https:\/\/jeffsdetailing.com\/wp-content\/uploads\/2024\/09\/Captura_de_pantalla_2024-09-14_201923-removebg-preview-300x195.png 300w, https:\/\/jeffsdetailing.com\/wp-content\/uploads\/2024\/09\/Captura_de_pantalla_2024-09-14_201923-removebg-preview-18x12.png 18w\" sizes=\"(max-width: 619px) 100vw, 619px\" \/>\t\t\t\t\t\t\t\t\t\t\t\t\t<\/div>\n\t\t\t\t<\/div>\n\t\t\t\t\t<\/div>\n\t\t\t\t<\/div>\n\t\t<div class=\"elementor-element elementor-element-e1d92d4 e-flex e-con-boxed e-con e-parent\" data-id=\"e1d92d4\" data-element_type=\"container\" data-settings=\"{&quot;background_background&quot;:&quot;classic&quot;}\">\n\t\t\t\t\t<div class=\"e-con-inner\">\n\t\t<div class=\"elementor-element elementor-element-f127aab e-con-full e-flex e-con e-child\" data-id=\"f127aab\" data-element_type=\"container\">\n\t\t\t\t<div class=\"elementor-element elementor-element-4291a6c elementor-widget elementor-widget-image\" data-id=\"4291a6c\" data-element_type=\"widget\" data-widget_type=\"image.default\">\n\t\t\t\t<div class=\"elementor-widget-container\">\n\t\t\t\t\t\t\t\t\t\t\t\t\t<img decoding=\"async\" width=\"1024\" height=\"576\" src=\"https:\/\/jeffsdetailing.com\/wp-content\/uploads\/2024\/09\/1fd6bd47-bf02-495b-a12c-bd0279f2b55b-1024x576.jpg\" class=\"attachment-large size-large wp-image-2686\" alt=\"\" srcset=\"https:\/\/jeffsdetailing.com\/wp-content\/uploads\/2024\/09\/1fd6bd47-bf02-495b-a12c-bd0279f2b55b-1024x576.jpg 1024w, https:\/\/jeffsdetailing.com\/wp-content\/uploads\/2024\/09\/1fd6bd47-bf02-495b-a12c-bd0279f2b55b-300x169.jpg 300w, https:\/\/jeffsdetailing.com\/wp-content\/uploads\/2024\/09\/1fd6bd47-bf02-495b-a12c-bd0279f2b55b-768x432.jpg 768w, https:\/\/jeffsdetailing.com\/wp-content\/uploads\/2024\/09\/1fd6bd47-bf02-495b-a12c-bd0279f2b55b-1536x864.jpg 1536w, https:\/\/jeffsdetailing.com\/wp-content\/uploads\/2024\/09\/1fd6bd47-bf02-495b-a12c-bd0279f2b55b-18x10.jpg 18w, https:\/\/jeffsdetailing.com\/wp-content\/uploads\/2024\/09\/1fd6bd47-bf02-495b-a12c-bd0279f2b55b.jpg 1600w\" sizes=\"(max-width: 1024px) 100vw, 1024px\" \/>\t\t\t\t\t\t\t\t\t\t\t\t\t<\/div>\n\t\t\t\t<\/div>\n\t\t\t\t<\/div>\n\t\t<div class=\"elementor-element elementor-element-d3eeb58 e-con-full e-flex e-con e-child\" data-id=\"d3eeb58\" data-element_type=\"container\">\n\t\t\t\t<div class=\"elementor-element elementor-element-6b372d7 elementor-widget elementor-widget-heading\" data-id=\"6b372d7\" data-element_type=\"widget\" data-widget_type=\"heading.default\">\n\t\t\t\t<div class=\"elementor-widget-container\">\n\t\t\t<style>\/*! elementor - v3.23.0 - 05-08-2024 *\/\n.elementor-heading-title{padding:0;margin:0;line-height:1}.elementor-widget-heading .elementor-heading-title[class*=elementor-size-]>a{color:inherit;font-size:inherit;line-height:inherit}.elementor-widget-heading .elementor-heading-title.elementor-size-small{font-size:15px}.elementor-widget-heading .elementor-heading-title.elementor-size-medium{font-size:19px}.elementor-widget-heading .elementor-heading-title.elementor-size-large{font-size:29px}.elementor-widget-heading .elementor-heading-title.elementor-size-xl{font-size:39px}.elementor-widget-heading .elementor-heading-title.elementor-size-xxl{font-size:59px}<\/style><h2 class=\"elementor-heading-title elementor-size-default\">Detallado exterior de embarcaciones<\/h2>\t\t<\/div>\n\t\t\t\t<\/div>\n\t\t\t\t<div class=\"elementor-element elementor-element-eb24e4a elementor-widget elementor-widget-text-editor\" data-id=\"eb24e4a\" data-element_type=\"widget\" data-widget_type=\"text-editor.default\">\n\t\t\t\t<div class=\"elementor-widget-container\">\n\t\t\t<style>\/*! elementor - v3.23.0 - 05-08-2024 *\/\n.elementor-widget-text-editor.elementor-drop-cap-view-stacked .elementor-drop-cap{background-color:#69727d;color:#fff}.elementor-widget-text-editor.elementor-drop-cap-view-framed .elementor-drop-cap{color:#69727d;border:3px solid;background-color:transparent}.elementor-widget-text-editor:not(.elementor-drop-cap-view-default) .elementor-drop-cap{margin-top:8px}.elementor-widget-text-editor:not(.elementor-drop-cap-view-default) .elementor-drop-cap-letter{width:1em;height:1em}.elementor-widget-text-editor .elementor-drop-cap{float:left;text-align:center;line-height:1;font-size:50px}.elementor-widget-text-editor .elementor-drop-cap-letter{display:inline-block}<\/style>\t\t\t\t<p>Mantenga el exterior de su embarcaci\u00f3n impecable y protegido de los elementos:<br \/>\u2022 Lavado exterior completo y limpieza del casco para eliminar suciedad, mugre y acumulaci\u00f3n de sal.<br \/>\u2022 Pulido y encerado del casco y la cubierta para restaurar el brillo y proteger de los da\u00f1os UV.<br \/>\u2022 Eliminaci\u00f3n de manchas de agua y oxidaci\u00f3n ligera para un acabado suave.<\/p>\t\t\t\t\t\t<\/div>\n\t\t\t\t<\/div>\n\t\t\t\t<\/div>\n\t\t\t\t\t<\/div>\n\t\t\t\t<\/div>\n\t\t<div class=\"elementor-element elementor-element-3a9cb61 e-flex e-con-boxed e-con e-parent\" data-id=\"3a9cb61\" data-element_type=\"container\" data-settings=\"{&quot;background_background&quot;:&quot;classic&quot;}\">\n\t\t\t\t\t<div class=\"e-con-inner\">\n\t\t<div class=\"elementor-element elementor-element-71a2d4a e-con-full e-flex e-con e-child\" data-id=\"71a2d4a\" data-element_type=\"container\">\n\t\t\t\t<div class=\"elementor-element elementor-element-8cc9be8 elementor-widget elementor-widget-heading\" data-id=\"8cc9be8\" data-element_type=\"widget\" data-widget_type=\"heading.default\">\n\t\t\t\t<div class=\"elementor-widget-container\">\n\t\t\t<h2 class=\"elementor-heading-title elementor-size-default\">Detallado interior de embarcaciones<\/h2>\t\t<\/div>\n\t\t\t\t<\/div>\n\t\t\t\t<div class=\"elementor-element elementor-element-2ef7b2e elementor-widget elementor-widget-text-editor\" data-id=\"2ef7b2e\" data-element_type=\"widget\" data-widget_type=\"text-editor.default\">\n\t\t\t\t<div class=\"elementor-widget-container\">\n\t\t\t\t\t\t\t<p>Nuestros servicios de detallado interior mantienen la cabina de su barco fresca y c\u00f3moda:<br \/>\u2022 Limpieza profunda de todas las superficies interiores, incluyendo tapizados, alfombras y compartimentos de almacenamiento.<br \/>\u2022 Aspiraci\u00f3n y desinfecci\u00f3n cuidadosa para garantizar que el interior de su embarcaci\u00f3n est\u00e9 impecable.<br \/>\u2022 Tratamiento especial para superficies de madera, cuero y vinilo para mantener su durabilidad y apariencia.<\/p>\t\t\t\t\t\t<\/div>\n\t\t\t\t<\/div>\n\t\t\t\t<\/div>\n\t\t<div class=\"elementor-element elementor-element-4f9d400 e-con-full e-flex e-con e-child\" data-id=\"4f9d400\" data-element_type=\"container\">\n\t\t\t\t<div class=\"elementor-element elementor-element-36c2ea5 elementor-widget elementor-widget-image\" data-id=\"36c2ea5\" data-element_type=\"widget\" data-widget_type=\"image.default\">\n\t\t\t\t<div class=\"elementor-widget-container\">\n\t\t\t\t\t\t\t\t\t\t\t\t\t<img decoding=\"async\" width=\"1024\" height=\"576\" src=\"https:\/\/jeffsdetailing.com\/wp-content\/uploads\/2024\/09\/20220121_151024-1024x576.jpg\" class=\"attachment-large size-large wp-image-2690\" alt=\"\" srcset=\"https:\/\/jeffsdetailing.com\/wp-content\/uploads\/2024\/09\/20220121_151024-1024x576.jpg 1024w, https:\/\/jeffsdetailing.com\/wp-content\/uploads\/2024\/09\/20220121_151024-300x169.jpg 300w, https:\/\/jeffsdetailing.com\/wp-content\/uploads\/2024\/09\/20220121_151024-768x432.jpg 768w, https:\/\/jeffsdetailing.com\/wp-content\/uploads\/2024\/09\/20220121_151024-1536x864.jpg 1536w, https:\/\/jeffsdetailing.com\/wp-content\/uploads\/2024\/09\/20220121_151024-2048x1152.jpg 2048w, https:\/\/jeffsdetailing.com\/wp-content\/uploads\/2024\/09\/20220121_151024-18x10.jpg 18w\" sizes=\"(max-width: 1024px) 100vw, 1024px\" \/>\t\t\t\t\t\t\t\t\t\t\t\t\t<\/div>\n\t\t\t\t<\/div>\n\t\t\t\t<\/div>\n\t\t\t\t\t<\/div>\n\t\t\t\t<\/div>\n\t\t<div class=\"elementor-element elementor-element-7b7dc48 e-flex e-con-boxed e-con e-parent\" data-id=\"7b7dc48\" data-element_type=\"container\" data-settings=\"{&quot;background_background&quot;:&quot;classic&quot;}\">\n\t\t\t\t\t<div class=\"e-con-inner\">\n\t\t<div class=\"elementor-element elementor-element-1ca26aa e-con-full e-flex e-con e-child\" data-id=\"1ca26aa\" data-element_type=\"container\">\n\t\t\t\t<div class=\"elementor-element elementor-element-df325ad elementor-widget elementor-widget-heading\" data-id=\"df325ad\" data-element_type=\"widget\" data-widget_type=\"heading.default\">\n\t\t\t\t<div class=\"elementor-widget-container\">\n\t\t\t<h2 class=\"elementor-heading-title elementor-size-default\">Comun\u00edquese con Jeff\u2019s Auto Detailing hoy al 206-636-3779 para programar.<\/h2>\t\t<\/div>\n\t\t\t\t<\/div>\n\t\t\t\t<div class=\"elementor-element elementor-element-807a26c elementor-button-info elementor-align-center elementor-widget elementor-widget-button\" data-id=\"807a26c\" data-element_type=\"widget\" data-widget_type=\"button.default\">\n\t\t\t\t<div class=\"elementor-widget-container\">\n\t\t\t\t\t<div class=\"elementor-button-wrapper\">\n\t\t\t<a class=\"elementor-button elementor-button-link elementor-size-sm elementor-animation-shrink\" href=\"https:\/\/jeffsdetailing.com\/es\/contact\/\">\n\t\t\t\t\t\t<span class=\"elementor-button-content-wrapper\">\n\t\t\t\t\t\t\t\t\t<span class=\"elementor-button-text\">Cont\u00e1ctanos<\/span>\n\t\t\t\t\t<\/span>\n\t\t\t\t\t<\/a>\n\t\t<\/div>\n\t\t\t\t<\/div>\n\t\t\t\t<\/div>\n\t\t\t\t<\/div>\n\t\t<div class=\"elementor-element elementor-element-b076b3a e-con-full e-flex e-con e-child\" data-id=\"b076b3a\" data-element_type=\"container\">\n\t\t\t\t<div class=\"elementor-element elementor-element-7434aee elementor-widget elementor-widget-wpforms\" data-id=\"7434aee\" data-element_type=\"widget\" data-widget_type=\"wpforms.default\">\n\t\t\t\t<div class=\"elementor-widget-container\">\n\t\t\t<div class=\"wpforms-container\" id=\"wpforms-2635\"><form id=\"wpforms-form-2635\" class=\"wpforms-validate wpforms-form wpforms-ajax-form\" data-formid=\"2635\" method=\"post\" enctype=\"multipart\/form-data\" action=\"\/es\/wp-json\/wp\/v2\/pages\/2695\" data-token=\"54a380ff88ccb3683f102df12d301cde\" data-token-time=\"1776378255\" data-trp-original-action=\"\/es\/wp-json\/wp\/v2\/pages\/2695\"><noscript class=\"wpforms-error-noscript\">Por favor, activa JavaScript en tu navegador para completar este formulario.<\/noscript><div class=\"wpforms-field-container\"><div id=\"wpforms-2635-field_0-container\" class=\"wpforms-field wpforms-field-name\" data-field-id=\"0\"><label class=\"wpforms-field-label wpforms-label-hide\" for=\"wpforms-2635-field_0\">Nombre <span class=\"wpforms-required-label\">*<\/span><\/label><input type=\"text\" id=\"wpforms-2635-field_0\" class=\"wpforms-field-large wpforms-field-required\" name=\"wpforms[fields][0]\" placeholder=\"Nombre\" required><\/div><div id=\"wpforms-2635-field_1-container\" class=\"wpforms-field wpforms-field-email\" data-field-id=\"1\"><label class=\"wpforms-field-label wpforms-label-hide\" for=\"wpforms-2635-field_1\">Correo electr\u00f3nico <span class=\"wpforms-required-label\">*<\/span><\/label><input type=\"email\" id=\"wpforms-2635-field_1\" class=\"wpforms-field-large wpforms-field-required\" name=\"wpforms[fields][1]\" placeholder=\"Correo electr\u00f3nico\" spellcheck=\"false\" required><\/div><div id=\"wpforms-2635-field_3-container\" class=\"wpforms-field wpforms-field-email\" data-field-id=\"3\"><label class=\"wpforms-field-label wpforms-label-hide\" for=\"wpforms-2635-field_3\">N\u00famero de contacto <span class=\"wpforms-required-label\">*<\/span><\/label><input type=\"email\" id=\"wpforms-2635-field_3\" class=\"wpforms-field-large wpforms-field-required\" name=\"wpforms[fields][3]\" placeholder=\"N\u00famero de contacto\" spellcheck=\"false\" required><\/div><div id=\"wpforms-2635-field_2-container\" class=\"wpforms-field wpforms-field-textarea\" data-field-id=\"2\"><label class=\"wpforms-field-label wpforms-label-hide\" for=\"wpforms-2635-field_2\">Tu mensaje<\/label><textarea id=\"wpforms-2635-field_2\" class=\"wpforms-field-medium\" name=\"wpforms[fields][2]\" placeholder=\"Tu mensaje\" ><\/textarea><\/div><\/div><!-- .wpforms-field-container --><div class=\"wpforms-submit-container\" ><input type=\"hidden\" name=\"wpforms[id]\" value=\"2635\"><input type=\"hidden\" name=\"page_title\" value=\"\"><input type=\"hidden\" name=\"page_url\" value=\"https:\/\/jeffsdetailing.com\/es\/wp-json\/wp\/v2\/pages\/2695\"><button type=\"submit\" name=\"wpforms[submit]\" id=\"wpforms-submit-2635\" class=\"wpforms-submit\" data-alt-text=\"Sending...\" data-submit-text=\"Send Request\" aria-live=\"assertive\" value=\"wpforms-submit\">Enviar solicitud<\/button><img loading=\"lazy\" decoding=\"async\" src=\"https:\/\/jeffsdetailing.com\/wp-content\/plugins\/wpforms-lite\/assets\/images\/submit-spin.svg\" class=\"wpforms-submit-spinner\" style=\"display: none;\" width=\"26\" height=\"26\" alt=\"Cargando\"><\/div><input type=\"hidden\" name=\"trp-form-language\" value=\"es\"\/><\/form><\/div>  <!-- .wpforms-container -->\t\t<\/div>\n\t\t\t\t<\/div>\n\t\t\t\t<\/div>\n\t\t\t\t\t<\/div>\n\t\t\t\t<\/div>\n\t\t\t\t<\/div>","protected":false},"excerpt":{"rendered":"<p>Exterior Boat Detailing Keep your boat&#8217;s exterior looking sharp and protected from the elements:\u2022 Full exterior wash and hull cleaning to remove dirt, grime, and salt buildup.\u2022 Polishing and waxing of the hull and deck to restore shine and protect from UV damage.\u2022 Removal of water stains and light oxidation for a smooth finish. Interior [&hellip;]<\/p>","protected":false},"author":1,"featured_media":0,"parent":0,"menu_order":0,"comment_status":"closed","ping_status":"closed","template":"","meta":{"_uag_custom_page_level_css":"","site-sidebar-layout":"no-sidebar","site-content-layout":"page-builder","ast-site-content-layout":"full-width-container","site-content-style":"default","site-sidebar-style":"default","ast-global-header-display":"","ast-banner-title-visibility":"","ast-main-header-display":"","ast-hfb-above-header-display":"","ast-hfb-below-header-display":"","ast-hfb-mobile-header-display":"","site-post-title":"disabled","ast-breadcrumbs-content":"","ast-featured-img":"disabled","footer-sml-layout":"","theme-transparent-header-meta":"","adv-header-id-meta":"","stick-header-meta":"","header-above-stick-meta":"","header-main-stick-meta":"","header-below-stick-meta":"","astra-migrate-meta-layouts":"set","ast-page-background-enabled":"default","ast-page-background-meta":{"desktop":{"background-color":"","background-image":"","background-repeat":"repeat","background-position":"center center","background-size":"auto","background-attachment":"scroll","background-type":"","background-media":"","overlay-type":"","overlay-color":"","overlay-opacity":"","overlay-gradient":""},"tablet":{"background-color":"","background-image":"","background-repeat":"repeat","background-position":"center center","background-size":"auto","background-attachment":"scroll","background-type":"","background-media":"","overlay-type":"","overlay-color":"","overlay-opacity":"","overlay-gradient":""},"mobile":{"background-color":"","background-image":"","background-repeat":"repeat","background-position":"center center","background-size":"auto","background-attachment":"scroll","background-type":"","background-media":"","overlay-type":"","overlay-color":"","overlay-opacity":"","overlay-gradient":""}},"ast-content-background-meta":{"desktop":{"background-color":"var(--ast-global-color-5)","background-image":"","background-repeat":"repeat","background-position":"center center","background-size":"auto","background-attachment":"scroll","background-type":"","background-media":"","overlay-type":"","overlay-color":"","overlay-opacity":"","overlay-gradient":""},"tablet":{"background-color":"var(--ast-global-color-5)","background-image":"","background-repeat":"repeat","background-position":"center center","background-size":"auto","background-attachment":"scroll","background-type":"","background-media":"","overlay-type":"","overlay-color":"","overlay-opacity":"","overlay-gradient":""},"mobile":{"background-color":"var(--ast-global-color-5)","background-image":"","background-repeat":"repeat","background-position":"center center","background-size":"auto","background-attachment":"scroll","background-type":"","background-media":"","overlay-type":"","overlay-color":"","overlay-opacity":"","overlay-gradient":""}},"footnotes":""},"class_list":["post-2695","page","type-page","status-publish","hentry"],"aioseo_notices":[],"uagb_featured_image_src":{"full":false,"thumbnail":false,"medium":false,"medium_large":false,"large":false,"1536x1536":false,"2048x2048":false,"trp-custom-language-flag":false},"uagb_author_info":{"display_name":"ziele.app@gmail.com","author_link":"https:\/\/jeffsdetailing.com\/es\/author\/ziele-appgmail-com\/"},"uagb_comment_info":0,"uagb_excerpt":"Exterior Boat Detailing Keep your boat&#8217;s exterior looking sharp and protected from the elements:\u2022 Full exterior wash and hull cleaning to remove dirt, grime, and salt buildup.\u2022 Polishing and waxing of the hull and deck to restore shine and protect from UV damage.\u2022 Removal of water stains and light oxidation for a smooth finish. Interior&hellip;","_links":{"self":[{"href":"https:\/\/jeffsdetailing.com\/es\/wp-json\/wp\/v2\/pages\/2695"}],"collection":[{"href":"https:\/\/jeffsdetailing.com\/es\/wp-json\/wp\/v2\/pages"}],"about":[{"href":"https:\/\/jeffsdetailing.com\/es\/wp-json\/wp\/v2\/types\/page"}],"author":[{"embeddable":true,"href":"https:\/\/jeffsdetailing.com\/es\/wp-json\/wp\/v2\/users\/1"}],"replies":[{"embeddable":true,"href":"https:\/\/jeffsdetailing.com\/es\/wp-json\/wp\/v2\/comments?post=2695"}],"version-history":[{"count":32,"href":"https:\/\/jeffsdetailing.com\/es\/wp-json\/wp\/v2\/pages\/2695\/revisions"}],"predecessor-version":[{"id":2894,"href":"https:\/\/jeffsdetailing.com\/es\/wp-json\/wp\/v2\/pages\/2695\/revisions\/2894"}],"wp:attachment":[{"href":"https:\/\/jeffsdetailing.com\/es\/wp-json\/wp\/v2\/media?parent=2695"}],"curies":[{"name":"wp","href":"https:\/\/api.w.org\/{rel}","templated":true}]}}