{"id":2703,"date":"2024-09-11T03:14:04","date_gmt":"2024-09-11T03:14:04","guid":{"rendered":"https:\/\/jeffsdetailing.com\/?page_id=2703"},"modified":"2024-09-15T03:24:54","modified_gmt":"2024-09-15T03:24:54","slug":"car-service","status":"publish","type":"page","link":"https:\/\/jeffsdetailing.com\/es\/car-service\/","title":{"rendered":"Servicios de autos"},"content":{"rendered":"<div data-elementor-type=\"wp-page\" data-elementor-id=\"2703\" class=\"elementor elementor-2703\">\n\t\t\t\t<div class=\"elementor-element elementor-element-fce661c e-flex e-con-boxed e-con e-parent\" data-id=\"fce661c\" data-element_type=\"container\" data-settings=\"{&quot;background_background&quot;:&quot;classic&quot;}\">\n\t\t\t\t\t<div class=\"e-con-inner\">\n\t\t\t\t<div class=\"elementor-element elementor-element-bff7c3a elementor-widget elementor-widget-image\" data-id=\"bff7c3a\" data-element_type=\"widget\" data-widget_type=\"image.default\">\n\t\t\t\t<div class=\"elementor-widget-container\">\n\t\t\t<style>\/*! elementor - v3.23.0 - 05-08-2024 *\/\n.elementor-widget-image{text-align:center}.elementor-widget-image a{display:inline-block}.elementor-widget-image a img[src$=\".svg\"]{width:48px}.elementor-widget-image img{vertical-align:middle;display:inline-block}<\/style>\t\t\t\t\t\t\t\t\t\t<img fetchpriority=\"high\" decoding=\"async\" width=\"671\" height=\"281\" src=\"https:\/\/jeffsdetailing.com\/wp-content\/uploads\/2024\/09\/Captura_de_pantalla_2024-09-14_201744-removebg-preview.png\" class=\"attachment-large size-large wp-image-2819\" alt=\"\" srcset=\"https:\/\/jeffsdetailing.com\/wp-content\/uploads\/2024\/09\/Captura_de_pantalla_2024-09-14_201744-removebg-preview.png 671w, https:\/\/jeffsdetailing.com\/wp-content\/uploads\/2024\/09\/Captura_de_pantalla_2024-09-14_201744-removebg-preview-300x126.png 300w, https:\/\/jeffsdetailing.com\/wp-content\/uploads\/2024\/09\/Captura_de_pantalla_2024-09-14_201744-removebg-preview-18x8.png 18w\" sizes=\"(max-width: 671px) 100vw, 671px\" \/>\t\t\t\t\t\t\t\t\t\t\t\t\t<\/div>\n\t\t\t\t<\/div>\n\t\t\t\t\t<\/div>\n\t\t\t\t<\/div>\n\t\t<div class=\"elementor-element elementor-element-a9b8ff8 e-flex e-con-boxed e-con e-parent\" data-id=\"a9b8ff8\" data-element_type=\"container\" data-settings=\"{&quot;background_background&quot;:&quot;classic&quot;}\">\n\t\t\t\t\t<div class=\"e-con-inner\">\n\t\t<div class=\"elementor-element elementor-element-f6f8033 e-con-full e-flex e-con e-child\" data-id=\"f6f8033\" data-element_type=\"container\">\n\t\t\t\t<div class=\"elementor-element elementor-element-dac7a84 elementor-widget elementor-widget-image\" data-id=\"dac7a84\" data-element_type=\"widget\" data-widget_type=\"image.default\">\n\t\t\t\t<div class=\"elementor-widget-container\">\n\t\t\t\t\t\t\t\t\t\t\t\t\t<img decoding=\"async\" width=\"1024\" height=\"640\" src=\"https:\/\/jeffsdetailing.com\/wp-content\/uploads\/2024\/09\/pexels-tdcat-70912-1024x640.jpg\" class=\"attachment-large size-large wp-image-2706\" alt=\"\" srcset=\"https:\/\/jeffsdetailing.com\/wp-content\/uploads\/2024\/09\/pexels-tdcat-70912-1024x640.jpg 1024w, https:\/\/jeffsdetailing.com\/wp-content\/uploads\/2024\/09\/pexels-tdcat-70912-300x187.jpg 300w, https:\/\/jeffsdetailing.com\/wp-content\/uploads\/2024\/09\/pexels-tdcat-70912-768x480.jpg 768w, https:\/\/jeffsdetailing.com\/wp-content\/uploads\/2024\/09\/pexels-tdcat-70912-1536x960.jpg 1536w, https:\/\/jeffsdetailing.com\/wp-content\/uploads\/2024\/09\/pexels-tdcat-70912-2048x1280.jpg 2048w, https:\/\/jeffsdetailing.com\/wp-content\/uploads\/2024\/09\/pexels-tdcat-70912-18x12.jpg 18w\" sizes=\"(max-width: 1024px) 100vw, 1024px\" \/>\t\t\t\t\t\t\t\t\t\t\t\t\t<\/div>\n\t\t\t\t<\/div>\n\t\t\t\t<\/div>\n\t\t<div class=\"elementor-element elementor-element-261ee8f e-con-full e-flex e-con e-child\" data-id=\"261ee8f\" data-element_type=\"container\">\n\t\t\t\t<div class=\"elementor-element elementor-element-bfeee4d elementor-widget elementor-widget-text-editor\" data-id=\"bfeee4d\" data-element_type=\"widget\" data-widget_type=\"text-editor.default\">\n\t\t\t\t<div class=\"elementor-widget-container\">\n\t\t\t<style>\/*! elementor - v3.23.0 - 05-08-2024 *\/\n.elementor-widget-text-editor.elementor-drop-cap-view-stacked .elementor-drop-cap{background-color:#69727d;color:#fff}.elementor-widget-text-editor.elementor-drop-cap-view-framed .elementor-drop-cap{color:#69727d;border:3px solid;background-color:transparent}.elementor-widget-text-editor:not(.elementor-drop-cap-view-default) .elementor-drop-cap{margin-top:8px}.elementor-widget-text-editor:not(.elementor-drop-cap-view-default) .elementor-drop-cap-letter{width:1em;height:1em}.elementor-widget-text-editor .elementor-drop-cap{float:left;text-align:center;line-height:1;font-size:50px}.elementor-widget-text-editor .elementor-drop-cap-letter{display:inline-block}<\/style>\t\t\t\t<p>Detallado exterior<br \/>Nuestro servicio de detallado exterior deja su veh\u00edculo con un brillo impecable:<br \/>\u2022 Lavado a mano y tratamiento espumoso para eliminar la suciedad persistente.<br \/>\u2022 Tratamiento con barra de arcilla para alisar la superficie y eliminar contaminantes.<br \/>\u2022 Aplicaci\u00f3n de cera de Carnauba para proteger tu pintura.<br \/>\u2022 Limpieza de llantas y acondicionamiento de neum\u00e1ticos para un acabado perfecto.<br \/>Correcci\u00f3n de pintura (Premium)<br \/>Si su veh\u00edculo tiene rayones leves o medianos, ofrecemos servicios de correcci\u00f3n de pintura premium, que incluyen:<br \/>\u2022 Tratamiento de pulido y corte.<br \/>\u2022 Revitalizaci\u00f3n del color.<br \/>\u2022 Sellador de cera para un acabado duradero.<\/p>\t\t\t\t\t\t<\/div>\n\t\t\t\t<\/div>\n\t\t\t\t<\/div>\n\t\t\t\t\t<\/div>\n\t\t\t\t<\/div>\n\t\t<div class=\"elementor-element elementor-element-289327a e-flex e-con-boxed e-con e-parent\" data-id=\"289327a\" data-element_type=\"container\" data-settings=\"{&quot;background_background&quot;:&quot;classic&quot;}\">\n\t\t\t\t\t<div class=\"e-con-inner\">\n\t\t<div class=\"elementor-element elementor-element-714c83d e-con-full e-flex e-con e-child\" data-id=\"714c83d\" data-element_type=\"container\">\n\t\t\t\t<div class=\"elementor-element elementor-element-b47436f elementor-widget elementor-widget-text-editor\" data-id=\"b47436f\" data-element_type=\"widget\" data-widget_type=\"text-editor.default\">\n\t\t\t\t<div class=\"elementor-widget-container\">\n\t\t\t\t\t\t\t<p>Detallado interior<br \/>Transformamos el interior de tu veh\u00edculo con una limpieza profunda y un cuidado total:<br \/>\u2022 Limpieza completa de todas las superficies: puertas, tablero, portavasos, volante, salidas de aire y alfombrillas.<br \/>\u2022 Aspiraci\u00f3n exhaustiva y limpieza con compresi\u00f3n de aire.<br \/>\u2022 Tratamiento de tapicer\u00eda, limpieza de ba\u00fal, pedales y champ\u00fa profundo de alfombras.<br \/>\u2022 Limpieza de guantera y marcos de puertas, si aplica.<\/p>\t\t\t\t\t\t<\/div>\n\t\t\t\t<\/div>\n\t\t\t\t<\/div>\n\t\t\t\t<div class=\"elementor-element elementor-element-607aff0 elementor-widget elementor-widget-image\" data-id=\"607aff0\" data-element_type=\"widget\" data-widget_type=\"image.default\">\n\t\t\t\t<div class=\"elementor-widget-container\">\n\t\t\t\t\t\t\t\t\t\t\t\t\t<img decoding=\"async\" width=\"1024\" height=\"683\" src=\"https:\/\/jeffsdetailing.com\/wp-content\/uploads\/2024\/09\/pexels-mikebirdy-27138873-1024x683.jpg\" class=\"attachment-large size-large wp-image-2711\" alt=\"\" srcset=\"https:\/\/jeffsdetailing.com\/wp-content\/uploads\/2024\/09\/pexels-mikebirdy-27138873-1024x683.jpg 1024w, https:\/\/jeffsdetailing.com\/wp-content\/uploads\/2024\/09\/pexels-mikebirdy-27138873-300x200.jpg 300w, https:\/\/jeffsdetailing.com\/wp-content\/uploads\/2024\/09\/pexels-mikebirdy-27138873-768x512.jpg 768w, https:\/\/jeffsdetailing.com\/wp-content\/uploads\/2024\/09\/pexels-mikebirdy-27138873-1536x1024.jpg 1536w, https:\/\/jeffsdetailing.com\/wp-content\/uploads\/2024\/09\/pexels-mikebirdy-27138873-2048x1365.jpg 2048w, https:\/\/jeffsdetailing.com\/wp-content\/uploads\/2024\/09\/pexels-mikebirdy-27138873-18x12.jpg 18w\" sizes=\"(max-width: 1024px) 100vw, 1024px\" \/>\t\t\t\t\t\t\t\t\t\t\t\t\t<\/div>\n\t\t\t\t<\/div>\n\t\t\t\t\t<\/div>\n\t\t\t\t<\/div>\n\t\t<div class=\"elementor-element elementor-element-0979ff9 e-flex e-con-boxed e-con e-parent\" data-id=\"0979ff9\" data-element_type=\"container\" data-settings=\"{&quot;background_background&quot;:&quot;classic&quot;}\">\n\t\t\t\t\t<div class=\"e-con-inner\">\n\t\t<div class=\"elementor-element elementor-element-05df1da e-con-full e-flex e-con e-child\" data-id=\"05df1da\" data-element_type=\"container\">\n\t\t\t\t<div class=\"elementor-element elementor-element-4b1db2b elementor-widget elementor-widget-heading\" data-id=\"4b1db2b\" data-element_type=\"widget\" data-widget_type=\"heading.default\">\n\t\t\t\t<div class=\"elementor-widget-container\">\n\t\t\t<style>\/*! elementor - v3.23.0 - 05-08-2024 *\/\n.elementor-heading-title{padding:0;margin:0;line-height:1}.elementor-widget-heading .elementor-heading-title[class*=elementor-size-]>a{color:inherit;font-size:inherit;line-height:inherit}.elementor-widget-heading .elementor-heading-title.elementor-size-small{font-size:15px}.elementor-widget-heading .elementor-heading-title.elementor-size-medium{font-size:19px}.elementor-widget-heading .elementor-heading-title.elementor-size-large{font-size:29px}.elementor-widget-heading .elementor-heading-title.elementor-size-xl{font-size:39px}.elementor-widget-heading .elementor-heading-title.elementor-size-xxl{font-size:59px}<\/style><h2 class=\"elementor-heading-title elementor-size-default\">Comun\u00edquese con Jeff\u2019s Auto Detailing hoy al 206-636-3779 para programar.<\/h2>\t\t<\/div>\n\t\t\t\t<\/div>\n\t\t\t\t<div class=\"elementor-element elementor-element-b46f06b elementor-button-info elementor-align-center elementor-widget elementor-widget-button\" data-id=\"b46f06b\" data-element_type=\"widget\" data-widget_type=\"button.default\">\n\t\t\t\t<div class=\"elementor-widget-container\">\n\t\t\t\t\t<div class=\"elementor-button-wrapper\">\n\t\t\t<a class=\"elementor-button elementor-button-link elementor-size-sm elementor-animation-shrink\" href=\"https:\/\/jeffsdetailing.com\/es\/contact\/\">\n\t\t\t\t\t\t<span class=\"elementor-button-content-wrapper\">\n\t\t\t\t\t\t\t\t\t<span class=\"elementor-button-text\">Cont\u00e1ctanos<\/span>\n\t\t\t\t\t<\/span>\n\t\t\t\t\t<\/a>\n\t\t<\/div>\n\t\t\t\t<\/div>\n\t\t\t\t<\/div>\n\t\t\t\t<\/div>\n\t\t<div class=\"elementor-element elementor-element-d87bb7a e-con-full e-flex e-con e-child\" data-id=\"d87bb7a\" data-element_type=\"container\">\n\t\t\t\t<div class=\"elementor-element elementor-element-b1d6bae elementor-widget elementor-widget-wpforms\" data-id=\"b1d6bae\" data-element_type=\"widget\" data-widget_type=\"wpforms.default\">\n\t\t\t\t<div class=\"elementor-widget-container\">\n\t\t\t<div class=\"wpforms-container\" id=\"wpforms-2635\"><form id=\"wpforms-form-2635\" class=\"wpforms-validate wpforms-form wpforms-ajax-form\" data-formid=\"2635\" method=\"post\" enctype=\"multipart\/form-data\" action=\"\/es\/wp-json\/wp\/v2\/pages\/2703\" data-token=\"e108f27329ed498cd494fac427fe541f\" data-token-time=\"1776589782\" data-trp-original-action=\"\/es\/wp-json\/wp\/v2\/pages\/2703\"><noscript class=\"wpforms-error-noscript\">Por favor, activa JavaScript en tu navegador para completar este formulario.<\/noscript><div class=\"wpforms-field-container\"><div id=\"wpforms-2635-field_0-container\" class=\"wpforms-field wpforms-field-name\" data-field-id=\"0\"><label class=\"wpforms-field-label wpforms-label-hide\" for=\"wpforms-2635-field_0\">Nombre <span class=\"wpforms-required-label\">*<\/span><\/label><input type=\"text\" id=\"wpforms-2635-field_0\" class=\"wpforms-field-large wpforms-field-required\" name=\"wpforms[fields][0]\" placeholder=\"Nombre\" required><\/div><div id=\"wpforms-2635-field_1-container\" class=\"wpforms-field wpforms-field-email\" data-field-id=\"1\"><label class=\"wpforms-field-label wpforms-label-hide\" for=\"wpforms-2635-field_1\">Correo electr\u00f3nico <span class=\"wpforms-required-label\">*<\/span><\/label><input type=\"email\" id=\"wpforms-2635-field_1\" class=\"wpforms-field-large wpforms-field-required\" name=\"wpforms[fields][1]\" placeholder=\"Correo electr\u00f3nico\" spellcheck=\"false\" required><\/div><div id=\"wpforms-2635-field_3-container\" class=\"wpforms-field wpforms-field-email\" data-field-id=\"3\"><label class=\"wpforms-field-label wpforms-label-hide\" for=\"wpforms-2635-field_3\">N\u00famero de contacto <span class=\"wpforms-required-label\">*<\/span><\/label><input type=\"email\" id=\"wpforms-2635-field_3\" class=\"wpforms-field-large wpforms-field-required\" name=\"wpforms[fields][3]\" placeholder=\"N\u00famero de contacto\" spellcheck=\"false\" required><\/div><div id=\"wpforms-2635-field_2-container\" class=\"wpforms-field wpforms-field-textarea\" data-field-id=\"2\"><label class=\"wpforms-field-label wpforms-label-hide\" for=\"wpforms-2635-field_2\">Tu mensaje<\/label><textarea id=\"wpforms-2635-field_2\" class=\"wpforms-field-medium\" name=\"wpforms[fields][2]\" placeholder=\"Tu mensaje\" ><\/textarea><\/div><\/div><!-- .wpforms-field-container --><div class=\"wpforms-submit-container\" ><input type=\"hidden\" name=\"wpforms[id]\" value=\"2635\"><input type=\"hidden\" name=\"page_title\" value=\"\"><input type=\"hidden\" name=\"page_url\" value=\"https:\/\/jeffsdetailing.com\/es\/wp-json\/wp\/v2\/pages\/2703\"><button type=\"submit\" name=\"wpforms[submit]\" id=\"wpforms-submit-2635\" class=\"wpforms-submit\" data-alt-text=\"Sending...\" data-submit-text=\"Send Request\" aria-live=\"assertive\" value=\"wpforms-submit\">Enviar solicitud<\/button><img loading=\"lazy\" decoding=\"async\" src=\"https:\/\/jeffsdetailing.com\/wp-content\/plugins\/wpforms-lite\/assets\/images\/submit-spin.svg\" class=\"wpforms-submit-spinner\" style=\"display: none;\" width=\"26\" height=\"26\" alt=\"Cargando\"><\/div><input type=\"hidden\" name=\"trp-form-language\" value=\"es\"\/><\/form><\/div>  <!-- .wpforms-container -->\t\t<\/div>\n\t\t\t\t<\/div>\n\t\t\t\t<\/div>\n\t\t\t\t\t<\/div>\n\t\t\t\t<\/div>\n\t\t\t\t<\/div>","protected":false},"excerpt":{"rendered":"<p>Exterior DetailingOur exterior detailing service leaves your vehicle with a flawless shine:\u2022 Hand wash and foaming treatment to remove stubborn dirt.\u2022 Clay bar treatment to smooth the surface and eliminate contaminants.\u2022 Application of Carnauba wax to protect your paint.\u2022 Rim cleaning and tire conditioning for the perfect finish.Paint Correction (Premium)If your vehicle has light or [&hellip;]<\/p>","protected":false},"author":1,"featured_media":0,"parent":0,"menu_order":0,"comment_status":"closed","ping_status":"closed","template":"","meta":{"_uag_custom_page_level_css":"","site-sidebar-layout":"no-sidebar","site-content-layout":"page-builder","ast-site-content-layout":"full-width-container","site-content-style":"default","site-sidebar-style":"default","ast-global-header-display":"","ast-banner-title-visibility":"","ast-main-header-display":"","ast-hfb-above-header-display":"","ast-hfb-below-header-display":"","ast-hfb-mobile-header-display":"","site-post-title":"disabled","ast-breadcrumbs-content":"","ast-featured-img":"disabled","footer-sml-layout":"","theme-transparent-header-meta":"","adv-header-id-meta":"","stick-header-meta":"","header-above-stick-meta":"","header-main-stick-meta":"","header-below-stick-meta":"","astra-migrate-meta-layouts":"set","ast-page-background-enabled":"default","ast-page-background-meta":{"desktop":{"background-color":"","background-image":"","background-repeat":"repeat","background-position":"center center","background-size":"auto","background-attachment":"scroll","background-type":"","background-media":"","overlay-type":"","overlay-color":"","overlay-opacity":"","overlay-gradient":""},"tablet":{"background-color":"","background-image":"","background-repeat":"repeat","background-position":"center center","background-size":"auto","background-attachment":"scroll","background-type":"","background-media":"","overlay-type":"","overlay-color":"","overlay-opacity":"","overlay-gradient":""},"mobile":{"background-color":"","background-image":"","background-repeat":"repeat","background-position":"center center","background-size":"auto","background-attachment":"scroll","background-type":"","background-media":"","overlay-type":"","overlay-color":"","overlay-opacity":"","overlay-gradient":""}},"ast-content-background-meta":{"desktop":{"background-color":"var(--ast-global-color-5)","background-image":"","background-repeat":"repeat","background-position":"center center","background-size":"auto","background-attachment":"scroll","background-type":"","background-media":"","overlay-type":"","overlay-color":"","overlay-opacity":"","overlay-gradient":""},"tablet":{"background-color":"var(--ast-global-color-5)","background-image":"","background-repeat":"repeat","background-position":"center center","background-size":"auto","background-attachment":"scroll","background-type":"","background-media":"","overlay-type":"","overlay-color":"","overlay-opacity":"","overlay-gradient":""},"mobile":{"background-color":"var(--ast-global-color-5)","background-image":"","background-repeat":"repeat","background-position":"center center","background-size":"auto","background-attachment":"scroll","background-type":"","background-media":"","overlay-type":"","overlay-color":"","overlay-opacity":"","overlay-gradient":""}},"footnotes":""},"class_list":["post-2703","page","type-page","status-publish","hentry"],"aioseo_notices":[],"uagb_featured_image_src":{"full":false,"thumbnail":false,"medium":false,"medium_large":false,"large":false,"1536x1536":false,"2048x2048":false,"trp-custom-language-flag":false},"uagb_author_info":{"display_name":"ziele.app@gmail.com","author_link":"https:\/\/jeffsdetailing.com\/es\/author\/ziele-appgmail-com\/"},"uagb_comment_info":0,"uagb_excerpt":"Exterior DetailingOur exterior detailing service leaves your vehicle with a flawless shine:\u2022 Hand wash and foaming treatment to remove stubborn dirt.\u2022 Clay bar treatment to smooth the surface and eliminate contaminants.\u2022 Application of Carnauba wax to protect your paint.\u2022 Rim cleaning and tire conditioning for the perfect finish.Paint Correction (Premium)If your vehicle has light or&hellip;","_links":{"self":[{"href":"https:\/\/jeffsdetailing.com\/es\/wp-json\/wp\/v2\/pages\/2703"}],"collection":[{"href":"https:\/\/jeffsdetailing.com\/es\/wp-json\/wp\/v2\/pages"}],"about":[{"href":"https:\/\/jeffsdetailing.com\/es\/wp-json\/wp\/v2\/types\/page"}],"author":[{"embeddable":true,"href":"https:\/\/jeffsdetailing.com\/es\/wp-json\/wp\/v2\/users\/1"}],"replies":[{"embeddable":true,"href":"https:\/\/jeffsdetailing.com\/es\/wp-json\/wp\/v2\/comments?post=2703"}],"version-history":[{"count":18,"href":"https:\/\/jeffsdetailing.com\/es\/wp-json\/wp\/v2\/pages\/2703\/revisions"}],"predecessor-version":[{"id":2885,"href":"https:\/\/jeffsdetailing.com\/es\/wp-json\/wp\/v2\/pages\/2703\/revisions\/2885"}],"wp:attachment":[{"href":"https:\/\/jeffsdetailing.com\/es\/wp-json\/wp\/v2\/media?parent=2703"}],"curies":[{"name":"wp","href":"https:\/\/api.w.org\/{rel}","templated":true}]}}