{"id":2802,"date":"2024-09-15T01:27:49","date_gmt":"2024-09-15T01:27:49","guid":{"rendered":"https:\/\/jeffsdetailing.com\/?page_id=2802"},"modified":"2024-09-15T03:26:01","modified_gmt":"2024-09-15T03:26:01","slug":"services","status":"publish","type":"page","link":"https:\/\/jeffsdetailing.com\/es\/services\/","title":{"rendered":"Servicios"},"content":{"rendered":"<div data-elementor-type=\"wp-page\" data-elementor-id=\"2802\" class=\"elementor elementor-2802\">\n\t\t\t\t<div class=\"elementor-element elementor-element-01ac51d e-flex e-con-boxed e-con e-parent\" data-id=\"01ac51d\" data-element_type=\"container\" data-settings=\"{&quot;background_background&quot;:&quot;classic&quot;}\">\n\t\t\t\t\t<div class=\"e-con-inner\">\n\t\t\t\t<div class=\"elementor-element elementor-element-c98367c elementor-widget elementor-widget-heading\" data-id=\"c98367c\" data-element_type=\"widget\" data-widget_type=\"heading.default\">\n\t\t\t\t<div class=\"elementor-widget-container\">\n\t\t\t<style>\/*! elementor - v3.23.0 - 05-08-2024 *\/\n.elementor-heading-title{padding:0;margin:0;line-height:1}.elementor-widget-heading .elementor-heading-title[class*=elementor-size-]>a{color:inherit;font-size:inherit;line-height:inherit}.elementor-widget-heading .elementor-heading-title.elementor-size-small{font-size:15px}.elementor-widget-heading .elementor-heading-title.elementor-size-medium{font-size:19px}.elementor-widget-heading .elementor-heading-title.elementor-size-large{font-size:29px}.elementor-widget-heading .elementor-heading-title.elementor-size-xl{font-size:39px}.elementor-widget-heading .elementor-heading-title.elementor-size-xxl{font-size:59px}<\/style><h2 class=\"elementor-heading-title elementor-size-default\">Servicios<\/h2>\t\t<\/div>\n\t\t\t\t<\/div>\n\t\t\t\t\t<\/div>\n\t\t\t\t<\/div>\n\t\t<div class=\"elementor-element elementor-element-6de2429 e-flex e-con-boxed e-con e-parent\" data-id=\"6de2429\" data-element_type=\"container\" data-settings=\"{&quot;background_background&quot;:&quot;classic&quot;}\">\n\t\t\t\t\t<div class=\"e-con-inner\">\n\t\t<div class=\"elementor-element elementor-element-71bf850 e-con-full e-flex e-con e-child\" data-id=\"71bf850\" data-element_type=\"container\">\n\t\t\t\t<div class=\"elementor-element elementor-element-fc70d6c elementor-widget elementor-widget-heading\" data-id=\"fc70d6c\" data-element_type=\"widget\" data-widget_type=\"heading.default\">\n\t\t\t\t<div class=\"elementor-widget-container\">\n\t\t\t<h2 class=\"elementor-heading-title elementor-size-default\">Servicios de barcos<\/h2>\t\t<\/div>\n\t\t\t\t<\/div>\n\t\t\t\t<div class=\"elementor-element elementor-element-38cb859 elementor-widget elementor-widget-text-editor\" data-id=\"38cb859\" data-element_type=\"widget\" data-widget_type=\"text-editor.default\">\n\t\t\t\t<div class=\"elementor-widget-container\">\n\t\t\t<style>\/*! elementor - v3.23.0 - 05-08-2024 *\/\n.elementor-widget-text-editor.elementor-drop-cap-view-stacked .elementor-drop-cap{background-color:#69727d;color:#fff}.elementor-widget-text-editor.elementor-drop-cap-view-framed .elementor-drop-cap{color:#69727d;border:3px solid;background-color:transparent}.elementor-widget-text-editor:not(.elementor-drop-cap-view-default) .elementor-drop-cap{margin-top:8px}.elementor-widget-text-editor:not(.elementor-drop-cap-view-default) .elementor-drop-cap-letter{width:1em;height:1em}.elementor-widget-text-editor .elementor-drop-cap{float:left;text-align:center;line-height:1;font-size:50px}.elementor-widget-text-editor .elementor-drop-cap-letter{display:inline-block}<\/style>\t\t\t\t<p>En Jeff\u2019s Auto Detailing, sabemos que su embarcaci\u00f3n merece un excelente nivel de cuidado. Nuestros servicios de limpieza de embarcaciones est\u00e1n dise\u00f1ados para restaurar y proteger tanto el interior como el exterior de su embarcaci\u00f3n, asegur\u00e1ndose de que se mantenga en \u00f3ptimas condiciones para todas sus aventuras en el agua.<\/p>\t\t\t\t\t\t<\/div>\n\t\t\t\t<\/div>\n\t\t\t\t<div class=\"elementor-element elementor-element-27e01c1 elementor-button-info elementor-align-center elementor-widget elementor-widget-button\" data-id=\"27e01c1\" data-element_type=\"widget\" data-widget_type=\"button.default\">\n\t\t\t\t<div class=\"elementor-widget-container\">\n\t\t\t\t\t<div class=\"elementor-button-wrapper\">\n\t\t\t<a class=\"elementor-button elementor-button-link elementor-size-sm elementor-animation-shrink\" href=\"https:\/\/jeffsdetailing.com\/es\/boat-service\/\">\n\t\t\t\t\t\t<span class=\"elementor-button-content-wrapper\">\n\t\t\t\t\t\t\t\t\t<span class=\"elementor-button-text\">M\u00e1s informaci\u00f3n<\/span>\n\t\t\t\t\t<\/span>\n\t\t\t\t\t<\/a>\n\t\t<\/div>\n\t\t\t\t<\/div>\n\t\t\t\t<\/div>\n\t\t\t\t<\/div>\n\t\t<div class=\"elementor-element elementor-element-3ac3c64 e-con-full e-flex e-con e-child\" data-id=\"3ac3c64\" data-element_type=\"container\">\n\t\t\t\t<div class=\"elementor-element elementor-element-c35c037 elementor-widget elementor-widget-image\" data-id=\"c35c037\" data-element_type=\"widget\" data-widget_type=\"image.default\">\n\t\t\t\t<div class=\"elementor-widget-container\">\n\t\t\t<style>\/*! elementor - v3.23.0 - 05-08-2024 *\/\n.elementor-widget-image{text-align:center}.elementor-widget-image a{display:inline-block}.elementor-widget-image a img[src$=\".svg\"]{width:48px}.elementor-widget-image img{vertical-align:middle;display:inline-block}<\/style>\t\t\t\t\t\t\t\t\t\t<img fetchpriority=\"high\" decoding=\"async\" width=\"1024\" height=\"768\" src=\"https:\/\/jeffsdetailing.com\/wp-content\/uploads\/2024\/09\/398d485b-e01b-41cb-9d76-4eb7f61db599-1024x768.jpg\" class=\"attachment-large size-large wp-image-2697\" alt=\"\" srcset=\"https:\/\/jeffsdetailing.com\/wp-content\/uploads\/2024\/09\/398d485b-e01b-41cb-9d76-4eb7f61db599-1024x768.jpg 1024w, https:\/\/jeffsdetailing.com\/wp-content\/uploads\/2024\/09\/398d485b-e01b-41cb-9d76-4eb7f61db599-300x225.jpg 300w, https:\/\/jeffsdetailing.com\/wp-content\/uploads\/2024\/09\/398d485b-e01b-41cb-9d76-4eb7f61db599-768x576.jpg 768w, https:\/\/jeffsdetailing.com\/wp-content\/uploads\/2024\/09\/398d485b-e01b-41cb-9d76-4eb7f61db599-1536x1152.jpg 1536w, https:\/\/jeffsdetailing.com\/wp-content\/uploads\/2024\/09\/398d485b-e01b-41cb-9d76-4eb7f61db599-16x12.jpg 16w, https:\/\/jeffsdetailing.com\/wp-content\/uploads\/2024\/09\/398d485b-e01b-41cb-9d76-4eb7f61db599.jpg 2048w\" sizes=\"(max-width: 1024px) 100vw, 1024px\" \/>\t\t\t\t\t\t\t\t\t\t\t\t\t<\/div>\n\t\t\t\t<\/div>\n\t\t\t\t<\/div>\n\t\t\t\t\t<\/div>\n\t\t\t\t<\/div>\n\t\t<div class=\"elementor-element elementor-element-840b3c7 e-flex e-con-boxed e-con e-parent\" data-id=\"840b3c7\" data-element_type=\"container\" data-settings=\"{&quot;background_background&quot;:&quot;classic&quot;}\">\n\t\t\t\t\t<div class=\"e-con-inner\">\n\t\t<div class=\"elementor-element elementor-element-bff9b8f e-con-full e-flex e-con e-child\" data-id=\"bff9b8f\" data-element_type=\"container\">\n\t\t\t\t<div class=\"elementor-element elementor-element-c56ec66 elementor-widget elementor-widget-image\" data-id=\"c56ec66\" data-element_type=\"widget\" data-widget_type=\"image.default\">\n\t\t\t\t<div class=\"elementor-widget-container\">\n\t\t\t\t\t\t\t\t\t\t\t\t\t<img decoding=\"async\" width=\"1024\" height=\"577\" src=\"https:\/\/jeffsdetailing.com\/wp-content\/uploads\/2024\/09\/pexels-mikebirdy-100653-1024x577.jpg\" class=\"attachment-large size-large wp-image-2730\" alt=\"\" srcset=\"https:\/\/jeffsdetailing.com\/wp-content\/uploads\/2024\/09\/pexels-mikebirdy-100653-1024x577.jpg 1024w, https:\/\/jeffsdetailing.com\/wp-content\/uploads\/2024\/09\/pexels-mikebirdy-100653-300x169.jpg 300w, https:\/\/jeffsdetailing.com\/wp-content\/uploads\/2024\/09\/pexels-mikebirdy-100653-768x432.jpg 768w, https:\/\/jeffsdetailing.com\/wp-content\/uploads\/2024\/09\/pexels-mikebirdy-100653-1536x865.jpg 1536w, https:\/\/jeffsdetailing.com\/wp-content\/uploads\/2024\/09\/pexels-mikebirdy-100653-2048x1153.jpg 2048w, https:\/\/jeffsdetailing.com\/wp-content\/uploads\/2024\/09\/pexels-mikebirdy-100653-18x10.jpg 18w\" sizes=\"(max-width: 1024px) 100vw, 1024px\" \/>\t\t\t\t\t\t\t\t\t\t\t\t\t<\/div>\n\t\t\t\t<\/div>\n\t\t\t\t<\/div>\n\t\t<div class=\"elementor-element elementor-element-9fb73d4 e-con-full e-flex e-con e-child\" data-id=\"9fb73d4\" data-element_type=\"container\">\n\t\t\t\t<div class=\"elementor-element elementor-element-bd899a9 elementor-widget elementor-widget-heading\" data-id=\"bd899a9\" data-element_type=\"widget\" data-widget_type=\"heading.default\">\n\t\t\t\t<div class=\"elementor-widget-container\">\n\t\t\t<h2 class=\"elementor-heading-title elementor-size-default\">Servicios de autos<\/h2>\t\t<\/div>\n\t\t\t\t<\/div>\n\t\t\t\t<div class=\"elementor-element elementor-element-2939a0b elementor-widget elementor-widget-text-editor\" data-id=\"2939a0b\" data-element_type=\"widget\" data-widget_type=\"text-editor.default\">\n\t\t\t\t<div class=\"elementor-widget-container\">\n\t\t\t\t\t\t\t<p>\u00a1Mantenga su auto brillante y en \u00f3ptimas condiciones con un cuidado regular! El lavado frecuente no solo mejora su apariencia, sino que tambi\u00e9n protege la pintura de los da\u00f1os ambientales. Utilizamos productos de calidad y t\u00e9cnicas adecuadas para preservar el brillo y evitar la corrosi\u00f3n. Nos dedicamos a limpiar y cuidar su veh\u00edculo, y usted lo recompensar\u00e1 con un rendimiento impecable y una apariencia deslumbrante por mucho m\u00e1s tiempo. \u00a1Su auto merece el mejor trato!<\/p>\t\t\t\t\t\t<\/div>\n\t\t\t\t<\/div>\n\t\t\t\t<div class=\"elementor-element elementor-element-7ad7d06 elementor-button-info elementor-align-center elementor-widget elementor-widget-button\" data-id=\"7ad7d06\" data-element_type=\"widget\" data-widget_type=\"button.default\">\n\t\t\t\t<div class=\"elementor-widget-container\">\n\t\t\t\t\t<div class=\"elementor-button-wrapper\">\n\t\t\t<a class=\"elementor-button elementor-button-link elementor-size-sm elementor-animation-shrink\" href=\"https:\/\/jeffsdetailing.com\/es\/car-service\/\">\n\t\t\t\t\t\t<span class=\"elementor-button-content-wrapper\">\n\t\t\t\t\t\t\t\t\t<span class=\"elementor-button-text\">M\u00e1s informaci\u00f3n<\/span>\n\t\t\t\t\t<\/span>\n\t\t\t\t\t<\/a>\n\t\t<\/div>\n\t\t\t\t<\/div>\n\t\t\t\t<\/div>\n\t\t\t\t<\/div>\n\t\t\t\t\t<\/div>\n\t\t\t\t<\/div>\n\t\t\t\t<\/div>","protected":false},"excerpt":{"rendered":"<p>Services Boat service At Jeff&#8217;s Auto Detailing, we understand that your boat deserves an excellent level of care. Our boat detailing services are designed to restore and protect both the interior and exterior of your boat, making sure it stays in top condition for all your adventures on the water. Learn more Car service Keep [&hellip;]<\/p>","protected":false},"author":1,"featured_media":0,"parent":0,"menu_order":0,"comment_status":"closed","ping_status":"closed","template":"","meta":{"_uag_custom_page_level_css":"","site-sidebar-layout":"no-sidebar","site-content-layout":"page-builder","ast-site-content-layout":"full-width-container","site-content-style":"default","site-sidebar-style":"default","ast-global-header-display":"","ast-banner-title-visibility":"","ast-main-header-display":"","ast-hfb-above-header-display":"","ast-hfb-below-header-display":"","ast-hfb-mobile-header-display":"","site-post-title":"disabled","ast-breadcrumbs-content":"","ast-featured-img":"disabled","footer-sml-layout":"","theme-transparent-header-meta":"","adv-header-id-meta":"","stick-header-meta":"","header-above-stick-meta":"","header-main-stick-meta":"","header-below-stick-meta":"","astra-migrate-meta-layouts":"set","ast-page-background-enabled":"default","ast-page-background-meta":{"desktop":{"background-color":"","background-image":"","background-repeat":"repeat","background-position":"center center","background-size":"auto","background-attachment":"scroll","background-type":"","background-media":"","overlay-type":"","overlay-color":"","overlay-opacity":"","overlay-gradient":""},"tablet":{"background-color":"","background-image":"","background-repeat":"repeat","background-position":"center center","background-size":"auto","background-attachment":"scroll","background-type":"","background-media":"","overlay-type":"","overlay-color":"","overlay-opacity":"","overlay-gradient":""},"mobile":{"background-color":"","background-image":"","background-repeat":"repeat","background-position":"center center","background-size":"auto","background-attachment":"scroll","background-type":"","background-media":"","overlay-type":"","overlay-color":"","overlay-opacity":"","overlay-gradient":""}},"ast-content-background-meta":{"desktop":{"background-color":"var(--ast-global-color-5)","background-image":"","background-repeat":"repeat","background-position":"center center","background-size":"auto","background-attachment":"scroll","background-type":"","background-media":"","overlay-type":"","overlay-color":"","overlay-opacity":"","overlay-gradient":""},"tablet":{"background-color":"var(--ast-global-color-5)","background-image":"","background-repeat":"repeat","background-position":"center center","background-size":"auto","background-attachment":"scroll","background-type":"","background-media":"","overlay-type":"","overlay-color":"","overlay-opacity":"","overlay-gradient":""},"mobile":{"background-color":"var(--ast-global-color-5)","background-image":"","background-repeat":"repeat","background-position":"center center","background-size":"auto","background-attachment":"scroll","background-type":"","background-media":"","overlay-type":"","overlay-color":"","overlay-opacity":"","overlay-gradient":""}},"footnotes":""},"class_list":["post-2802","page","type-page","status-publish","hentry"],"aioseo_notices":[],"uagb_featured_image_src":{"full":false,"thumbnail":false,"medium":false,"medium_large":false,"large":false,"1536x1536":false,"2048x2048":false,"trp-custom-language-flag":false},"uagb_author_info":{"display_name":"ziele.app@gmail.com","author_link":"https:\/\/jeffsdetailing.com\/es\/author\/ziele-appgmail-com\/"},"uagb_comment_info":0,"uagb_excerpt":"Services Boat service At Jeff&#8217;s Auto Detailing, we understand that your boat deserves an excellent level of care. Our boat detailing services are designed to restore and protect both the interior and exterior of your boat, making sure it stays in top condition for all your adventures on the water. Learn more Car service Keep&hellip;","_links":{"self":[{"href":"https:\/\/jeffsdetailing.com\/es\/wp-json\/wp\/v2\/pages\/2802"}],"collection":[{"href":"https:\/\/jeffsdetailing.com\/es\/wp-json\/wp\/v2\/pages"}],"about":[{"href":"https:\/\/jeffsdetailing.com\/es\/wp-json\/wp\/v2\/types\/page"}],"author":[{"embeddable":true,"href":"https:\/\/jeffsdetailing.com\/es\/wp-json\/wp\/v2\/users\/1"}],"replies":[{"embeddable":true,"href":"https:\/\/jeffsdetailing.com\/es\/wp-json\/wp\/v2\/comments?post=2802"}],"version-history":[{"count":8,"href":"https:\/\/jeffsdetailing.com\/es\/wp-json\/wp\/v2\/pages\/2802\/revisions"}],"predecessor-version":[{"id":2888,"href":"https:\/\/jeffsdetailing.com\/es\/wp-json\/wp\/v2\/pages\/2802\/revisions\/2888"}],"wp:attachment":[{"href":"https:\/\/jeffsdetailing.com\/es\/wp-json\/wp\/v2\/media?parent=2802"}],"curies":[{"name":"wp","href":"https:\/\/api.w.org\/{rel}","templated":true}]}}