{"id":2900,"date":"2024-09-15T17:42:28","date_gmt":"2024-09-15T17:42:28","guid":{"rendered":"https:\/\/jeffsdetailing.com\/?page_id=2900"},"modified":"2024-09-15T18:58:26","modified_gmt":"2024-09-15T18:58:26","slug":"blog-2","status":"publish","type":"page","link":"https:\/\/jeffsdetailing.com\/es\/blog-2\/","title":{"rendered":"Blog-2"},"content":{"rendered":"<div data-elementor-type=\"wp-page\" data-elementor-id=\"2900\" class=\"elementor elementor-2900\">\n\t\t\t\t<div class=\"elementor-element elementor-element-1ad62f8 e-flex e-con-boxed e-con e-parent\" data-id=\"1ad62f8\" data-element_type=\"container\" data-settings=\"{&quot;background_background&quot;:&quot;classic&quot;}\">\n\t\t\t\t\t<div class=\"e-con-inner\">\n\t\t\t\t<div class=\"elementor-element elementor-element-bc11f80 elementor-widget elementor-widget-heading\" data-id=\"bc11f80\" data-element_type=\"widget\" data-widget_type=\"heading.default\">\n\t\t\t\t<div class=\"elementor-widget-container\">\n\t\t\t<style>\/*! elementor - v3.23.0 - 05-08-2024 *\/\n.elementor-heading-title{padding:0;margin:0;line-height:1}.elementor-widget-heading .elementor-heading-title[class*=elementor-size-]>a{color:inherit;font-size:inherit;line-height:inherit}.elementor-widget-heading .elementor-heading-title.elementor-size-small{font-size:15px}.elementor-widget-heading .elementor-heading-title.elementor-size-medium{font-size:19px}.elementor-widget-heading .elementor-heading-title.elementor-size-large{font-size:29px}.elementor-widget-heading .elementor-heading-title.elementor-size-xl{font-size:39px}.elementor-widget-heading .elementor-heading-title.elementor-size-xxl{font-size:59px}<\/style><h2 class=\"elementor-heading-title elementor-size-default\">Cuidado de la Pintura y Est\u00e9tica de tu Veh\u00edculo<\/h2>\t\t<\/div>\n\t\t\t\t<\/div>\n\t\t\t\t\t<\/div>\n\t\t\t\t<\/div>\n\t\t<div class=\"elementor-element elementor-element-ad1389c e-flex e-con-boxed e-con e-parent\" data-id=\"ad1389c\" data-element_type=\"container\" data-settings=\"{&quot;background_background&quot;:&quot;classic&quot;}\">\n\t\t\t\t\t<div class=\"e-con-inner\">\n\t\t<div class=\"elementor-element elementor-element-4490378 e-con-full e-flex e-con e-child\" data-id=\"4490378\" data-element_type=\"container\">\n\t\t\t\t<div class=\"elementor-element elementor-element-30ca3ad elementor-widget elementor-widget-text-editor\" data-id=\"30ca3ad\" data-element_type=\"widget\" data-widget_type=\"text-editor.default\">\n\t\t\t\t<div class=\"elementor-widget-container\">\n\t\t\t<style>\/*! elementor - v3.23.0 - 05-08-2024 *\/\n.elementor-widget-text-editor.elementor-drop-cap-view-stacked .elementor-drop-cap{background-color:#69727d;color:#fff}.elementor-widget-text-editor.elementor-drop-cap-view-framed .elementor-drop-cap{color:#69727d;border:3px solid;background-color:transparent}.elementor-widget-text-editor:not(.elementor-drop-cap-view-default) .elementor-drop-cap{margin-top:8px}.elementor-widget-text-editor:not(.elementor-drop-cap-view-default) .elementor-drop-cap-letter{width:1em;height:1em}.elementor-widget-text-editor .elementor-drop-cap{float:left;text-align:center;line-height:1;font-size:50px}.elementor-widget-text-editor .elementor-drop-cap-letter{display:inline-block}<\/style>\t\t\t\t<p>Mantener la pintura y la est\u00e9tica de su autom\u00f3vil o yate en \u00f3ptimas condiciones no solo mejora su apariencia, sino que tambi\u00e9n prolonga su vida \u00fatil y protege su inversi\u00f3n. En Jeff Auto Detailing, comprendemos la importancia de un lavado regular y profesional. A continuaci\u00f3n, le explicamos por qu\u00e9 es crucial.<\/p><p>Protecci\u00f3n contra los elementos<br \/>La pintura de su veh\u00edculo est\u00e1 constantemente expuesta a elementos da\u00f1inos como el sol, la lluvia, la sal y la contaminaci\u00f3n. Estos factores pueden provocar oxidaci\u00f3n, decoloraci\u00f3n y corrosi\u00f3n. Un lavado regular elimina estos contaminantes antes de que puedan causar da\u00f1os permanentes.<\/p><p>Prevenci\u00f3n de da\u00f1os a largo plazo<br \/>El polvo, la suciedad y otros residuos pueden acumularse en la superficie de su veh\u00edculo, lo que provoca micro abrasiones y rayones. Estos peque\u00f1os da\u00f1os pueden convertirse en problemas mayores si no se tratan a tiempo. El lavado frecuente ayuda a prevenir estos problemas y mantiene la pintura en \u00f3ptimas condiciones.<\/p>\t\t\t\t\t\t<\/div>\n\t\t\t\t<\/div>\n\t\t\t\t<\/div>\n\t\t<div class=\"elementor-element elementor-element-e2be901 e-con-full e-flex e-con e-child\" data-id=\"e2be901\" data-element_type=\"container\">\n\t\t\t\t<div class=\"elementor-element elementor-element-3f11952 elementor-widget elementor-widget-image\" data-id=\"3f11952\" data-element_type=\"widget\" data-widget_type=\"image.default\">\n\t\t\t\t<div class=\"elementor-widget-container\">\n\t\t\t<style>\/*! elementor - v3.23.0 - 05-08-2024 *\/\n.elementor-widget-image{text-align:center}.elementor-widget-image a{display:inline-block}.elementor-widget-image a img[src$=\".svg\"]{width:48px}.elementor-widget-image img{vertical-align:middle;display:inline-block}<\/style>\t\t\t\t\t\t\t\t\t\t<img fetchpriority=\"high\" decoding=\"async\" width=\"683\" height=\"1024\" src=\"https:\/\/jeffsdetailing.com\/wp-content\/uploads\/2024\/09\/pexels-christian-9-454702-1164778-683x1024.jpg\" class=\"attachment-large size-large wp-image-2903\" alt=\"\" srcset=\"https:\/\/jeffsdetailing.com\/wp-content\/uploads\/2024\/09\/pexels-christian-9-454702-1164778-683x1024.jpg 683w, https:\/\/jeffsdetailing.com\/wp-content\/uploads\/2024\/09\/pexels-christian-9-454702-1164778-200x300.jpg 200w, https:\/\/jeffsdetailing.com\/wp-content\/uploads\/2024\/09\/pexels-christian-9-454702-1164778-768x1152.jpg 768w, https:\/\/jeffsdetailing.com\/wp-content\/uploads\/2024\/09\/pexels-christian-9-454702-1164778-1024x1536.jpg 1024w, https:\/\/jeffsdetailing.com\/wp-content\/uploads\/2024\/09\/pexels-christian-9-454702-1164778-1365x2048.jpg 1365w, https:\/\/jeffsdetailing.com\/wp-content\/uploads\/2024\/09\/pexels-christian-9-454702-1164778-8x12.jpg 8w, https:\/\/jeffsdetailing.com\/wp-content\/uploads\/2024\/09\/pexels-christian-9-454702-1164778-scaled.jpg 1706w\" sizes=\"(max-width: 683px) 100vw, 683px\" \/>\t\t\t\t\t\t\t\t\t\t\t\t\t<\/div>\n\t\t\t\t<\/div>\n\t\t\t\t<\/div>\n\t\t\t\t\t<\/div>\n\t\t\t\t<\/div>\n\t\t<div class=\"elementor-element elementor-element-67c770f e-flex e-con-boxed e-con e-parent\" data-id=\"67c770f\" data-element_type=\"container\" data-settings=\"{&quot;background_background&quot;:&quot;classic&quot;}\">\n\t\t\t\t\t<div class=\"e-con-inner\">\n\t\t<div class=\"elementor-element elementor-element-d72ea1e e-con-full e-flex e-con e-child\" data-id=\"d72ea1e\" data-element_type=\"container\">\n\t\t\t\t<div class=\"elementor-element elementor-element-a500508 elementor-widget elementor-widget-image\" data-id=\"a500508\" data-element_type=\"widget\" data-widget_type=\"image.default\">\n\t\t\t\t<div class=\"elementor-widget-container\">\n\t\t\t\t\t\t\t\t\t\t\t\t\t<img decoding=\"async\" width=\"683\" height=\"1024\" src=\"https:\/\/jeffsdetailing.com\/wp-content\/uploads\/2024\/09\/pexels-athena-1586804-683x1024.jpg\" class=\"attachment-large size-large wp-image-2904\" alt=\"\" srcset=\"https:\/\/jeffsdetailing.com\/wp-content\/uploads\/2024\/09\/pexels-athena-1586804-683x1024.jpg 683w, https:\/\/jeffsdetailing.com\/wp-content\/uploads\/2024\/09\/pexels-athena-1586804-200x300.jpg 200w, https:\/\/jeffsdetailing.com\/wp-content\/uploads\/2024\/09\/pexels-athena-1586804-768x1152.jpg 768w, https:\/\/jeffsdetailing.com\/wp-content\/uploads\/2024\/09\/pexels-athena-1586804-1024x1536.jpg 1024w, https:\/\/jeffsdetailing.com\/wp-content\/uploads\/2024\/09\/pexels-athena-1586804-1365x2048.jpg 1365w, https:\/\/jeffsdetailing.com\/wp-content\/uploads\/2024\/09\/pexels-athena-1586804-8x12.jpg 8w, https:\/\/jeffsdetailing.com\/wp-content\/uploads\/2024\/09\/pexels-athena-1586804-scaled.jpg 1707w\" sizes=\"(max-width: 683px) 100vw, 683px\" \/>\t\t\t\t\t\t\t\t\t\t\t\t\t<\/div>\n\t\t\t\t<\/div>\n\t\t\t\t<\/div>\n\t\t<div class=\"elementor-element elementor-element-4ceb3ff e-con-full e-flex e-con e-child\" data-id=\"4ceb3ff\" data-element_type=\"container\">\n\t\t\t\t<div class=\"elementor-element elementor-element-92ce93e elementor-widget elementor-widget-text-editor\" data-id=\"92ce93e\" data-element_type=\"widget\" data-widget_type=\"text-editor.default\">\n\t\t\t\t<div class=\"elementor-widget-container\">\n\t\t\t\t\t\t\t<p>Est\u00e9tica mejorada<br \/>Un veh\u00edculo limpio y bien cuidado, siempre luce mejor. La limpieza regular no solo mantiene la pintura brillante y atractiva, sino que tambi\u00e9n mejora la percepci\u00f3n general de su veh\u00edculo. Ya sea que navegue en su yate o conduzca su autom\u00f3vil, una apariencia impecable siempre causa una buena impresi\u00f3n.<\/p><p>Valor de reventa<br \/>Un veh\u00edculo con una pintura bien cuidada tiene un mayor valor de reventa. Los compradores potenciales valoran un coche o un yate que ha recibido los cuidados adecuados. Un historial de mantenimiento regular, incluidos lavados frecuentes, puede ser un factor decisivo a la hora de vender su veh\u00edculo.<\/p><p>En resumen<br \/>En Jeff Auto Detailing, ofrecemos servicios profesionales de lavado y detallado de autom\u00f3viles y yates, para garantizar que su veh\u00edculo siempre luzca lo mejor posible. No subestime la importancia de un lavado regular; es una inversi\u00f3n en la longevidad y la est\u00e9tica de su medio de transporte.<\/p>\t\t\t\t\t\t<\/div>\n\t\t\t\t<\/div>\n\t\t\t\t<\/div>\n\t\t\t\t\t<\/div>\n\t\t\t\t<\/div>\n\t\t<div class=\"elementor-element elementor-element-8b93bd5 e-flex e-con-boxed e-con e-parent\" data-id=\"8b93bd5\" data-element_type=\"container\" data-settings=\"{&quot;background_background&quot;:&quot;classic&quot;}\">\n\t\t\t\t\t<div class=\"e-con-inner\">\n\t\t\t\t<div class=\"elementor-element elementor-element-3bff4c8 elementor-button-info elementor-align-center elementor-widget elementor-widget-button\" data-id=\"3bff4c8\" data-element_type=\"widget\" data-widget_type=\"button.default\">\n\t\t\t\t<div class=\"elementor-widget-container\">\n\t\t\t\t\t<div class=\"elementor-button-wrapper\">\n\t\t\t<a class=\"elementor-button elementor-button-link elementor-size-sm elementor-animation-shrink\" href=\"https:\/\/jeffsdetailing.com\/es\/contact\/\">\n\t\t\t\t\t\t<span class=\"elementor-button-content-wrapper\">\n\t\t\t\t\t\t\t\t\t<span class=\"elementor-button-text\">Cont\u00e1ctanos<\/span>\n\t\t\t\t\t<\/span>\n\t\t\t\t\t<\/a>\n\t\t<\/div>\n\t\t\t\t<\/div>\n\t\t\t\t<\/div>\n\t\t\t\t\t<\/div>\n\t\t\t\t<\/div>\n\t\t\t\t<\/div>","protected":false},"excerpt":{"rendered":"<p>Caring for your Vehicle&#8217;s Paint and Aesthetics Keeping your car or yacht&#8217;s paint and aesthetics in tip-top shape not only improves its appearance, but also prolongs its lifespan and protects your investment. At Jeff Auto Detailing, we understand the importance of regular, professional washing. Here&#8217;s why it&#8217;s crucial. Protection From the ElementsYour vehicle&#8217;s paint is [&hellip;]<\/p>","protected":false},"author":1,"featured_media":0,"parent":0,"menu_order":0,"comment_status":"closed","ping_status":"closed","template":"","meta":{"_uag_custom_page_level_css":"","site-sidebar-layout":"no-sidebar","site-content-layout":"page-builder","ast-site-content-layout":"full-width-container","site-content-style":"default","site-sidebar-style":"default","ast-global-header-display":"","ast-banner-title-visibility":"","ast-main-header-display":"","ast-hfb-above-header-display":"","ast-hfb-below-header-display":"","ast-hfb-mobile-header-display":"","site-post-title":"disabled","ast-breadcrumbs-content":"","ast-featured-img":"disabled","footer-sml-layout":"","theme-transparent-header-meta":"","adv-header-id-meta":"","stick-header-meta":"","header-above-stick-meta":"","header-main-stick-meta":"","header-below-stick-meta":"","astra-migrate-meta-layouts":"set","ast-page-background-enabled":"default","ast-page-background-meta":{"desktop":{"background-color":"","background-image":"","background-repeat":"repeat","background-position":"center center","background-size":"auto","background-attachment":"scroll","background-type":"","background-media":"","overlay-type":"","overlay-color":"","overlay-opacity":"","overlay-gradient":""},"tablet":{"background-color":"","background-image":"","background-repeat":"repeat","background-position":"center center","background-size":"auto","background-attachment":"scroll","background-type":"","background-media":"","overlay-type":"","overlay-color":"","overlay-opacity":"","overlay-gradient":""},"mobile":{"background-color":"","background-image":"","background-repeat":"repeat","background-position":"center center","background-size":"auto","background-attachment":"scroll","background-type":"","background-media":"","overlay-type":"","overlay-color":"","overlay-opacity":"","overlay-gradient":""}},"ast-content-background-meta":{"desktop":{"background-color":"var(--ast-global-color-5)","background-image":"","background-repeat":"repeat","background-position":"center center","background-size":"auto","background-attachment":"scroll","background-type":"","background-media":"","overlay-type":"","overlay-color":"","overlay-opacity":"","overlay-gradient":""},"tablet":{"background-color":"var(--ast-global-color-5)","background-image":"","background-repeat":"repeat","background-position":"center center","background-size":"auto","background-attachment":"scroll","background-type":"","background-media":"","overlay-type":"","overlay-color":"","overlay-opacity":"","overlay-gradient":""},"mobile":{"background-color":"var(--ast-global-color-5)","background-image":"","background-repeat":"repeat","background-position":"center center","background-size":"auto","background-attachment":"scroll","background-type":"","background-media":"","overlay-type":"","overlay-color":"","overlay-opacity":"","overlay-gradient":""}},"footnotes":""},"class_list":["post-2900","page","type-page","status-publish","hentry"],"aioseo_notices":[],"uagb_featured_image_src":{"full":false,"thumbnail":false,"medium":false,"medium_large":false,"large":false,"1536x1536":false,"2048x2048":false,"trp-custom-language-flag":false},"uagb_author_info":{"display_name":"ziele.app@gmail.com","author_link":"https:\/\/jeffsdetailing.com\/es\/author\/ziele-appgmail-com\/"},"uagb_comment_info":0,"uagb_excerpt":"Caring for your Vehicle&#8217;s Paint and Aesthetics Keeping your car or yacht&#8217;s paint and aesthetics in tip-top shape not only improves its appearance, but also prolongs its lifespan and protects your investment. At Jeff Auto Detailing, we understand the importance of regular, professional washing. Here&#8217;s why it&#8217;s crucial. Protection From the ElementsYour vehicle&#8217;s paint is&hellip;","_links":{"self":[{"href":"https:\/\/jeffsdetailing.com\/es\/wp-json\/wp\/v2\/pages\/2900"}],"collection":[{"href":"https:\/\/jeffsdetailing.com\/es\/wp-json\/wp\/v2\/pages"}],"about":[{"href":"https:\/\/jeffsdetailing.com\/es\/wp-json\/wp\/v2\/types\/page"}],"author":[{"embeddable":true,"href":"https:\/\/jeffsdetailing.com\/es\/wp-json\/wp\/v2\/users\/1"}],"replies":[{"embeddable":true,"href":"https:\/\/jeffsdetailing.com\/es\/wp-json\/wp\/v2\/comments?post=2900"}],"version-history":[{"count":7,"href":"https:\/\/jeffsdetailing.com\/es\/wp-json\/wp\/v2\/pages\/2900\/revisions"}],"predecessor-version":[{"id":2913,"href":"https:\/\/jeffsdetailing.com\/es\/wp-json\/wp\/v2\/pages\/2900\/revisions\/2913"}],"wp:attachment":[{"href":"https:\/\/jeffsdetailing.com\/es\/wp-json\/wp\/v2\/media?parent=2900"}],"curies":[{"name":"wp","href":"https:\/\/api.w.org\/{rel}","templated":true}]}}